{"id":44,"date":"2017-01-22T09:12:31","date_gmt":"2017-01-22T08:12:31","guid":{"rendered":"http:\/\/lpti.de\/?page_id=44"},"modified":"2019-09-08T15:29:28","modified_gmt":"2019-09-08T13:29:28","slug":"lehre","status":"publish","type":"page","link":"https:\/\/lpti.de\/it\/lehre\/","title":{"rendered":"Insegnamento"},"content":{"rendered":"<p><\/p>\n<blockquote><p>Temi associati al progetto sono stati posti anche al centro di alcuni corsi monografici; in alcuni casi, ne sono nate tesi di laurea, che vengono presentate pi\u00f9 dettagliatamente nella rubrica <u><a href=\"http:\/\/lpti.de\/it\/wissenschaftliche-arbeiten\/\">Tesi di laurea\/di dottorato<\/a><\/u><\/p><\/blockquote>\n<ul>\n<li>Autunno\/Inverno 2018: Corso monografico (primo livello, \u201eProseminar\u201c): Esilio, Migrazione e Confino nella letteratura italiana e nel cinema. (<a href=\"http:\/\/lpti.de\/lehre\/seminarplan_exil_verbannung_migration\/\" rel=\"attachment wp-att-549\">seminari<\/a>)<\/li>\n<\/ul>\n<ul>\n<li>Autunno\/Inverno 2017: Corso monografico (primo livello, \u201eProseminar\u201c): L\u2019Italia (post)coloniale nella letteratura e nel cinema.<\/li>\n<li>Autunno\/Inverno 2014: Corso monografico (primo livello, \u201eProseminar\u201c): L\u2019Italia tra Unit\u00e0 e Pluralit\u00e0. Italianit\u00e0, identit\u00e0 e nazionalit\u00e0 dal punto di vista diacronico (Descrizione del corso in lingua tedesca) (<a href=\"http:\/\/lpti.de\/wp-content\/uploads\/2018\/07\/Seminarkommentar.pdf\">seminari<\/a>)<\/li>\n<\/ul>\n<ul>\n<li>Primavera 2014: Corso monografico (secondo livello, \u201eMaster- und Hauptseminar\u201c): Scritture in movimento. Letteratura e migrazione in Italia.(Descrizione del corso in lingua tedesca) (<a href=\"http:\/\/lpti.de\/wp-content\/uploads\/2018\/07\/Seminarkommentar.pdf\">seminari)<\/a><\/li>\n<\/ul>\n<p><\/p>","protected":false},"excerpt":{"rendered":"<p>Temi associati al progetto sono stati posti anche al centro di alcuni corsi monografici; in alcuni casi, ne sono nate tesi di laurea, che vengono presentate pi\u00f9 dettagliatamente nella rubrica Tesi di laurea\/di dottorato Autunno\/Inverno 2018: Corso monografico (primo livello, \u201eProseminar\u201c): Esilio, Migrazione e Confino nella letteratura italiana e nel cinema. (seminari) Autunno\/Inverno 2017: Corso <a href=\"https:\/\/lpti.de\/it\/lehre\/\" class=\"more-link\">...continua a leggere<span class=\"screen-reader-text\"> \"Insegnamento\"<\/span><\/a><\/p>\n","protected":false},"author":1,"featured_media":0,"parent":0,"menu_order":4,"comment_status":"closed","ping_status":"closed","template":"","meta":{"spay_email":""},"jetpack_sharing_enabled":true,"jetpack_shortlink":"https:\/\/wp.me\/PatS1y-I","_links":{"self":[{"href":"https:\/\/lpti.de\/it\/wp-json\/wp\/v2\/pages\/44"}],"collection":[{"href":"https:\/\/lpti.de\/it\/wp-json\/wp\/v2\/pages"}],"about":[{"href":"https:\/\/lpti.de\/it\/wp-json\/wp\/v2\/types\/page"}],"author":[{"embeddable":true,"href":"https:\/\/lpti.de\/it\/wp-json\/wp\/v2\/users\/1"}],"replies":[{"embeddable":true,"href":"https:\/\/lpti.de\/it\/wp-json\/wp\/v2\/comments?post=44"}],"version-history":[{"count":10,"href":"https:\/\/lpti.de\/it\/wp-json\/wp\/v2\/pages\/44\/revisions"}],"predecessor-version":[{"id":585,"href":"https:\/\/lpti.de\/it\/wp-json\/wp\/v2\/pages\/44\/revisions\/585"}],"wp:attachment":[{"href":"https:\/\/lpti.de\/it\/wp-json\/wp\/v2\/media?parent=44"}],"curies":[{"name":"wp","href":"https:\/\/api.w.org\/{rel}","templated":true}]}}