{"id":26,"date":"2016-12-06T21:37:03","date_gmt":"2016-12-06T20:37:03","guid":{"rendered":"http:\/\/lpti.de\/?page_id=26"},"modified":"2020-09-10T12:09:49","modified_gmt":"2020-09-10T10:09:49","slug":"publikationen","status":"publish","type":"page","link":"https:\/\/lpti.de\/it\/publikationen\/","title":{"rendered":"Pubblicazioni"},"content":{"rendered":"<p><\/p>\n<blockquote><p>In questa sezione troverete una panoramica di tutte le pubblicazioni finora realizzate nell'ambito del progetto.<\/p><\/blockquote>\n<p><strong>Pubblicazioni:<\/strong><\/p>\n<p>Stephanie Neu-Wendel: \u201e\u2018Unidentified Narrative Objects\u2019 and the Reinterpretation of Italy\u2019s History. Fictionality, Factuality and Authorial Posture in <em>Timira <\/em>and <em>Point Lenana<\/em>\u201c, in: Cindie Aaen Maagaard\/Daniel Sch\u00e4bler\/Marianne Wolff Lundholt (Hrsg.): <em>Exploring Fictionality: Conceptions, Test Cases, Discussions<\/em>, Odense, UP of Southern Denmark 2020, S. 41-69 [Peer review].<\/p>\n<p>Maria Zannini: \u201eDis-locazioni. Letteratura de-centrata e scrittori ec-centrici: due etichette a confronto\u201c, in: <em>Studi Emigrazione \u2013 International Journal of Migration Studies <\/em>214 (LVI\/2019), 209-228.<\/p>\n<p>Stephanie Neu-Wendel: \u201eRezension von Marcello Carmagnani\/Ferruccio Pastore (Hrsg.): <em>Migrazioni e integrazione in Italia. Tra continuit\u00e0 e cambiamento<\/em>, Firenze: Olschki 2018\u201c, in: <em>Italienisch<\/em> 82 (November 2019), 134-137.<\/p>\n<p>Stephanie Neu-Wendel, zusammen mit Eva-Tabea Meineke\/Anne-Rose Meyer\/Eugenio Spedicato (Hrsg.): <em>Aufgeschlossene Beziehungen. <\/em><em>Deutschland und Italien im transkulturellen Dialog. Literatur, Film, Medien<\/em>, W\u00fcrzburg: K\u00f6nigshausen &amp; Neumann 2019.<\/p>\n<p>Stephanie Neu-Wendel: \u201eZwischen Dokumentation und Fiktion: Migration und postkoloniale Blicke im \u201aromanzo meticcio\u2018 <em>Timira <\/em>(2012) von Antar Mohamed\/Wu Ming 2 und im Dokumentarfilm <em>Come un uomo sulla terra<\/em> (2008) von Andrea Segre\/Dagmawi Yimer\/Riccardo Biadene\u201c, in: Eva-Tabea Meineke\/Anne-Rose Meyer\/Stephanie Neu-Wendel\/Eugenio Spedicato (Hrsg.): <em>Aufgeschlossene Beziehungen. Deutschland und Italien im transkulturellen Dialog. Literatur, Film, Medien<\/em>, W\u00fcrzburg: K\u00f6nigshausen &amp; Neumann 2019, 301-319.<\/p>\n<p>Stephanie Neu-Wendel: \u201eRezension zu Linardi, Romina: <em>Transkulturalit\u00e4t, Identit\u00e4tskonstruktion und narrative Vermittlung in Migrationskontexten der italienischen Gegenwartsliteratur. Eine Analyse ausgew\u00e4hlter Werke von Gabriella Kuruvilla, Igiaba Scego, Laila Wadia und Sumaya Abdel Qader<\/em>, Frankfurt am Main, Peter Lang 2017, und zu Rossi, Mario: <em>Il nome proprio delle cose. <\/em><em>Oggetti narranti in opere di scrittrici postcoloniali italiane<\/em>\u201c, Frankfurt am Main, Peter Lang 2015, in: <em>Italienisch <\/em>79 (2018), S. 133-135.<\/p>\n<p>Stephanie Neu und Maria Zannini: (Interview mit Carlo Lucarelli) \u201eUn noir \u2018impegnato\u2019 \u2013 a colloquio con Carlo Lucarelli\u201d, Italienisch 74, November 2015, S. 2-12. Online unter: <a href=\"http:\/\/www.periodicals.narr.de\/index.php\/italienisch\/article\/view\/2491\">http:\/\/www.periodicals.narr.de\/index.php\/italienisch\/article\/view\/2491<\/a><\/p>\n<p>Maria Zannini: \u201eL'Italia e gli albanesi: corsi e ricorsi di un singolare paradigma discorsivo\u201d, in: Babel, n. 31 X (2015), Le postcolonialisme italien: l'inconscient \u00e9conomico-politique d'une notion controvers\u00e9e, S. 165-188 (Hrsg. A. Leiduan).<\/p>\n<p>Stephanie Neu: \u201eLe \u00ab roman m\u00e9tisse \u00bb Timira (2013) de Antar Mohamed et Wu Ming 2 : le colonialisme en Italie racont\u00e9 dans une synth\u00e8se du r\u00e9cit fictionnel et factuel\u201d, in: Cahiers de Narratologie 26: Nouvelles fronti\u00e8res du r\u00e9cit. Au-del\u00e0 de l'opposition entre factuel et fictionnel (2014). Online unter: <a href=\"http:\/\/narratologie.revues.org\/6870\">http:\/\/narratologie.revues.org\/6870<\/a><\/p>\n<p><strong>Pubblicazioni accettate:<\/strong><\/p>\n<p>Stephanie Neu-Wendel und Maria Zannini: \u201eVerdr\u00e4ngung, Neuverhandlung, Institutionalisierung: Funktion und Wandel der Erinnerungsforschung und der Erinnerungskulturen in Italien\u201c [einleitender Kurzaufsatz und zwei Interviews: \u201eIl passato coloniale italiano nel contesto degli studi postcoloniali, del discorso pubblico e delle \u2018scritture migranti\u2019 in Italia. Colloquio con Daniele Comberiati, Universit\u00e9 Paul-Val\u00e9ry\u201c und \u201eLa memoria della Shoah nel contesto degli <em>Italian Studies<\/em>. Colloquio con Tommaso Pepe, Brown University\u201c]; erscheint voraussichtlich 2021 in der Zeitschrift <em>Romanische Studien<\/em>.<\/p>\n<p>Stephanie Neu-Wendel: Beitrag zu \u201eKategorien der Identit\u00e4t: Italianit\u00e0\u201c, in: Antje Lobin\/Eva-Tabea Meineke (Hrsg.): <em>Handbuch Italienisch. Sprache \u2013 Literatur \u2013 Kultur<\/em>, Berlin, Erich Schmidt; erscheint voraussichtlich im Herbst 2020.<\/p>\n<p>Stephanie Neu-Wendel und Eva-Tabea Meineke: \u201e\u00abCosa significa oggi essere italiani?\u00bb Hybridit\u00e4t und Norm in Italienbildern von Immigration und Emigration in der Literatur der Gegenwart\u201c, in Barbara Kuhn\/Dietrich Scholler (Hrsg.): <em>Tagungsband der Literaturwissenschaftlichen Sektion des Italianistentags 2018<\/em> [Arbeitstitel]; erscheint voraussichtlich im Herbst 2020 im Peter Lang Verlag.<\/p>\n<p>Stephanie Neu-Wendel und Maria Zannini: \u201e<em>Matria<\/em> statt <em>patria<\/em>: Semantische Grenzverschiebungen und \u201aver-r\u00fcckte\u2018 Konnotationen von <em>patria<\/em>, Heimat und Fremde im italienischsprachigen (literarischen) Diskurs\u201c, in: Marina Ortrud Hertrampf (Hrsg.): <em>Heimat \u2013 <\/em>patrie<em>\/<\/em>patria<em>: (Re-)Konstruktion und Erneuerung im Kontext von Globalisierung und Migration<\/em>, M\u00fcnchen, AVM Verlag; erscheint voraussichtlich im Herbst 2020.<\/p>\n<p><strong>In progetto (2021):<\/strong><\/p>\n<p>Stephanie Neu-Wendel: Herausgeberschaft, zusammen mit Julia Borst (Bremen) und Juliane Tauchnitz (Leipzig): Konferenzbeitr\u00e4ge der Sektion \u201e<em>Un<\/em>erh\u00f6rte Stimmen aus der Afro-Romania. Genderdiskurse im Kontext von Selbst- und Fremdwahrnehmung \u201anach\u2018 der Migration\", XXXV. Romanistentag des DRV: \u201eDynamik, Begegnung, Migration\u201c, 08.-12.10.2017, Z\u00fcrich [voraussichtlich beiOlms].<\/p>\n<p>Stephanie Neu-Wendel und Julia Borst: \u201eDecolonized Bodies: Aesthetic Activism in Afrofeminist Blogs from France, Spain and Italy\u201c, in: Julia Borst\/Stephanie Neu-Wendel\/Juliane Tauchnitz (Hrsg.): <em>Unheard(-of) Voices. Literary and Medial Perspectives of Afrodescendant Women from Romance-Speaking Europe in \u2018Postmigratory\u2019 Contexts<\/em>, Hildesheim, Olms; erscheint voraussichtlich im Fr\u00fchjahr 2021.<\/p>\n<p><strong>In esame:<\/strong><\/p>\n<p>Maria Zannini: \u201eVerflechtungen der institutionellen, medialen und \u00f6ffentlichen Diskurse \u00fcber Migration und Migrationsliteratur in Italien: eine Momentaufnahme\u201c, in: Roswitha B\u00f6hm, Elisabeth Tiller (Hrsg.), <em>Die mediale Umwelt der Migration. Kulturelle Aushandlungen im 20. und 21. Jahrhundert<\/em>, Bielefeld: Transcript.<\/p>\n<p>&nbsp;<\/p>","protected":false},"excerpt":{"rendered":"<p>In questa sezione troverete una panoramica di tutte le pubblicazioni finora realizzate nell'ambito del progetto. Pubblicazioni: Stephanie Neu-Wendel: \u201e\u2018Unidentified Narrative Objects\u2019 and the Reinterpretation of Italy\u2019s History. Fictionality, Factuality and Authorial Posture in Timira and Point Lenana\u201c, in: Cindie Aaen Maagaard\/Daniel Sch\u00e4bler\/Marianne Wolff Lundholt (Hrsg.): Exploring Fictionality: Conceptions, Test Cases, Discussions, Odense, UP of Southern <a href=\"https:\/\/lpti.de\/it\/publikationen\/\" class=\"more-link\">...continua a leggere<span class=\"screen-reader-text\"> \"Pubblicazioni\"<\/span><\/a><\/p>\n","protected":false},"author":1,"featured_media":0,"parent":0,"menu_order":6,"comment_status":"closed","ping_status":"closed","template":"","meta":{"spay_email":""},"jetpack_sharing_enabled":true,"jetpack_shortlink":"https:\/\/wp.me\/PatS1y-q","_links":{"self":[{"href":"https:\/\/lpti.de\/it\/wp-json\/wp\/v2\/pages\/26"}],"collection":[{"href":"https:\/\/lpti.de\/it\/wp-json\/wp\/v2\/pages"}],"about":[{"href":"https:\/\/lpti.de\/it\/wp-json\/wp\/v2\/types\/page"}],"author":[{"embeddable":true,"href":"https:\/\/lpti.de\/it\/wp-json\/wp\/v2\/users\/1"}],"replies":[{"embeddable":true,"href":"https:\/\/lpti.de\/it\/wp-json\/wp\/v2\/comments?post=26"}],"version-history":[{"count":10,"href":"https:\/\/lpti.de\/it\/wp-json\/wp\/v2\/pages\/26\/revisions"}],"predecessor-version":[{"id":796,"href":"https:\/\/lpti.de\/it\/wp-json\/wp\/v2\/pages\/26\/revisions\/796"}],"wp:attachment":[{"href":"https:\/\/lpti.de\/it\/wp-json\/wp\/v2\/media?parent=26"}],"curies":[{"name":"wp","href":"https:\/\/api.w.org\/{rel}","templated":true}]}}