{"id":119,"date":"2017-03-06T10:53:17","date_gmt":"2017-03-06T09:53:17","guid":{"rendered":"http:\/\/lpti.de\/?page_id=119"},"modified":"2017-07-22T20:43:44","modified_gmt":"2017-07-22T18:43:44","slug":"kooperationspartner","status":"publish","type":"page","link":"http:\/\/lpti.de\/it\/kooperationspartner\/","title":{"rendered":"Progetti associati"},"content":{"rendered":"<p>Il progetto \u00e8 associato al gruppo di ricerca <a href=\"http:\/\/rsc.uni-mannheim.de\/Forschergruppen\/Literarische%20Autorschaft%20und%20publizistische%20%C3%96ffentlichkeit\/\">Aufstieg der Referenzialit\u00e4t: Literarische Autorschaft und publizistische \u00d6ffentlichkeit (L'ascesa della referenzialit\u00e0: autorialit\u00e0 letteraria e discorso pubblico ed editoriale)<\/a> del <a href=\"http:\/\/rsc.uni-mannheim.de\">Research and Study Center (RSC) \u201eDynamics of Change\"<\/a> della Facolt\u00e0 di Lettere e filosofia dell'Universit\u00e0 di Mannheim.<\/p>","protected":false},"excerpt":{"rendered":"<p>Il progetto \u00e8 associato al gruppo di ricerca Aufstieg der Referenzialit\u00e4t: Literarische Autorschaft und publizistische \u00d6ffentlichkeit (L'ascesa della referenzialit\u00e0: autorialit\u00e0 letteraria e discorso pubblico ed editoriale) del Research and Study Center (RSC) \u201eDynamics of Change\" della Facolt\u00e0 di Lettere e filosofia dell'Universit\u00e0 di Mannheim.<\/p>\n","protected":false},"author":1,"featured_media":0,"parent":0,"menu_order":0,"comment_status":"closed","ping_status":"closed","template":"","meta":{"spay_email":""},"jetpack_sharing_enabled":true,"jetpack_shortlink":"https:\/\/wp.me\/PatS1y-1V","_links":{"self":[{"href":"http:\/\/lpti.de\/it\/wp-json\/wp\/v2\/pages\/119"}],"collection":[{"href":"http:\/\/lpti.de\/it\/wp-json\/wp\/v2\/pages"}],"about":[{"href":"http:\/\/lpti.de\/it\/wp-json\/wp\/v2\/types\/page"}],"author":[{"embeddable":true,"href":"http:\/\/lpti.de\/it\/wp-json\/wp\/v2\/users\/1"}],"replies":[{"embeddable":true,"href":"http:\/\/lpti.de\/it\/wp-json\/wp\/v2\/comments?post=119"}],"version-history":[{"count":5,"href":"http:\/\/lpti.de\/it\/wp-json\/wp\/v2\/pages\/119\/revisions"}],"predecessor-version":[{"id":230,"href":"http:\/\/lpti.de\/it\/wp-json\/wp\/v2\/pages\/119\/revisions\/230"}],"wp:attachment":[{"href":"http:\/\/lpti.de\/it\/wp-json\/wp\/v2\/media?parent=119"}],"curies":[{"name":"wp","href":"https:\/\/api.w.org\/{rel}","templated":true}]}}